{"id":651,"date":"2017-06-27T06:20:05","date_gmt":"2017-06-27T06:20:05","guid":{"rendered":"http:\/\/dummy.xtemos.com\/woodmart-elementor\/demos\/?page_id=651"},"modified":"2025-03-18T12:32:10","modified_gmt":"2025-03-18T12:32:10","slug":"contacto","status":"publish","type":"page","link":"https:\/\/raulgutierrez.es\/index.php\/contacto\/","title":{"rendered":"Contacto"},"content":{"rendered":"\t\t<div data-elementor-type=\"wp-page\" data-elementor-id=\"651\" class=\"elementor elementor-651\">\n\t\t\t\t\t\t<section class=\"elementor-section elementor-top-section elementor-element elementor-element-8694397 wd-section-stretch-content elementor-section-boxed elementor-section-height-default elementor-section-height-default\" data-id=\"8694397\" data-element_type=\"section\">\n\t\t\t\t\t\t<div class=\"elementor-container elementor-column-gap-no\">\n\t\t\t\t\t<div class=\"elementor-column elementor-col-100 elementor-top-column elementor-element elementor-element-4a27a94\" data-id=\"4a27a94\" data-element_type=\"column\">\n\t\t\t<div class=\"elementor-widget-wrap\">\n\t\t\t\t\t\t\t<\/div>\n\t\t<\/div>\n\t\t\t\t\t<\/div>\n\t\t<\/section>\n\t\t\t\t<section class=\"elementor-section elementor-top-section elementor-element elementor-element-4385017 elementor-section-boxed elementor-section-height-default elementor-section-height-default wd-section-disabled\" data-id=\"4385017\" data-element_type=\"section\">\n\t\t\t\t\t\t<div class=\"elementor-container elementor-column-gap-default\">\n\t\t\t\t\t<div class=\"elementor-column elementor-col-50 elementor-top-column elementor-element elementor-element-5096115\" data-id=\"5096115\" data-element_type=\"column\">\n\t\t\t<div class=\"elementor-widget-wrap elementor-element-populated\">\n\t\t\t\t\t\t<div class=\"elementor-element elementor-element-4462393 elementor-widget elementor-widget-wd_title\" data-id=\"4462393\" data-element_type=\"widget\" data-widget_type=\"wd_title.default\">\n\t\t\t\t<div class=\"elementor-widget-container\">\n\t\t\t\t\t\t\t<div class=\"title-wrapper woodmart-title-color-default woodmart-title-style-bordered woodmart-title-size-default text-left\">\n\n\t\t\t\n\t\t\t<div class=\"liner-continer\">\n\t\t\t\t<span class=\"left-line\"><\/span>\n\n\t\t\t\t<h4 class=\"woodmart-title-container title\">\n\t\t\t\t\tContacto\t\t\t\t<\/h4>\n\n\t\t\t\t\n\t\t\t\t<span class=\"right-line\"><\/span>\n\t\t\t<\/div>\n\n\t\t\t\t\t<\/div>\n\t\t\t\t\t\t<\/div>\n\t\t\t\t<\/div>\n\t\t\t\t<div class=\"elementor-element elementor-element-8915421 elementor-widget elementor-widget-wd_contact_form_7\" data-id=\"8915421\" data-element_type=\"widget\" data-widget_type=\"wd_contact_form_7.default\">\n\t\t\t\t<div class=\"elementor-widget-container\">\n\t\t\t\t\t\n<div class=\"wpcf7 no-js\" id=\"wpcf7-f608-o1\" lang=\"en-US\" dir=\"ltr\" data-wpcf7-id=\"608\">\n<div class=\"screen-reader-response\"><p role=\"status\" aria-live=\"polite\" aria-atomic=\"true\"><\/p> <ul><\/ul><\/div>\n<form action=\"\/index.php\/wp-json\/wp\/v2\/pages\/651#wpcf7-f608-o1\" method=\"post\" class=\"wpcf7-form init\" aria-label=\"Contact form\" novalidate=\"novalidate\" data-status=\"init\">\n<div style=\"display: none;\">\n<input type=\"hidden\" name=\"_wpcf7\" value=\"608\" \/>\n<input type=\"hidden\" name=\"_wpcf7_version\" value=\"6.0.4\" \/>\n<input type=\"hidden\" name=\"_wpcf7_locale\" value=\"en_US\" \/>\n<input type=\"hidden\" name=\"_wpcf7_unit_tag\" value=\"wpcf7-f608-o1\" \/>\n<input type=\"hidden\" name=\"_wpcf7_container_post\" value=\"0\" \/>\n<input type=\"hidden\" name=\"_wpcf7_posted_data_hash\" value=\"\" \/>\n<input type=\"hidden\" name=\"_wpcf7_recaptcha_response\" value=\"\" \/>\n<\/div>\n<div class=\"row\">\n\t<div class=\"col-md-6\" style='margin-bottom:20px;'>\n\t\t<p><label>Nombre<\/label><span class=\"wpcf7-form-control-wrap\" data-name=\"your-name\"><input size=\"40\" maxlength=\"400\" class=\"wpcf7-form-control wpcf7-text wpcf7-validates-as-required\" aria-required=\"true\" aria-invalid=\"false\" value=\"\" type=\"text\" name=\"your-name\" \/><\/span>\n\t\t<\/p>\n\t<\/div>\n\t<div class=\"col-md-6\" style='margin-bottom:20px;'>\n\t\t<p><label>Email<\/label><span class=\"wpcf7-form-control-wrap\" data-name=\"your-email\"><input size=\"40\" maxlength=\"400\" class=\"wpcf7-form-control wpcf7-email wpcf7-validates-as-required wpcf7-text wpcf7-validates-as-email\" aria-required=\"true\" aria-invalid=\"false\" value=\"\" type=\"email\" name=\"your-email\" \/><\/span>\n\t\t<\/p>\n\t<\/div>\n<\/div>\n<div class=\"row\">\n\t<div class=\"col-md-6\" style='margin-bottom:20px;'>\n\t\t<p><label>Asunto<\/label><span class=\"wpcf7-form-control-wrap\" data-name=\"asunto\"><input size=\"40\" maxlength=\"400\" class=\"wpcf7-form-control wpcf7-text wpcf7-validates-as-required\" aria-required=\"true\" aria-invalid=\"false\" value=\"\" type=\"text\" name=\"asunto\" \/><\/span>\n\t\t<\/p>\n\t<\/div>\n<\/div>\n<div class=\"row\">\n\t<div class=\"col-md-6\" style='margin-bottom:20px;'>\n\t\t<p><label>Tel\u00e9fono<\/label><span class=\"wpcf7-form-control-wrap\" data-name=\"tel-767\"><input size=\"40\" maxlength=\"400\" class=\"wpcf7-form-control wpcf7-tel wpcf7-text wpcf7-validates-as-tel\" aria-invalid=\"false\" value=\"\" type=\"tel\" name=\"tel-767\" \/><\/span>\n\t\t<\/p>\n\t<\/div>\n\t<div class=\"col-md-6\" style='margin-bottom:20px;'>\n\t\t<p><label>Empresa<\/label><span class=\"wpcf7-form-control-wrap\" data-name=\"text-1\"><input size=\"40\" maxlength=\"400\" class=\"wpcf7-form-control wpcf7-text\" aria-invalid=\"false\" value=\"\" type=\"text\" name=\"text-1\" \/><\/span>\n\t\t<\/p>\n\t<\/div>\n<\/div>\n<p><label>Mensaje<\/label><span class=\"wpcf7-form-control-wrap\" data-name=\"your-message\"><textarea cols=\"40\" rows=\"10\" maxlength=\"2000\" class=\"wpcf7-form-control wpcf7-textarea\" aria-invalid=\"false\" name=\"your-message\"><\/textarea><\/span>\n<\/p>\n<p><span class=\"wpcf7-form-control-wrap\" data-name=\"acceptance-517\"><span class=\"wpcf7-form-control wpcf7-acceptance\"><span class=\"wpcf7-list-item\"><input type=\"checkbox\" name=\"acceptance-517\" value=\"1\" aria-invalid=\"false\" \/><\/span><\/span><\/span>acepto la <a href=\"https:\/\/raulgutierrez.es\/index.php\/politica-de-privacidad\/\" target=\"blank\">pol\u00edtica de privacidad <\/a> y el uso de mis datos personales, as\u00ed el uso de los datos de contacto para recibir comunicaciones informativas de RA\u00daL GUTI\u00c9RREZ SEBASTI\u00c1N<br \/>\n\n<\/p>\n<p><input class=\"wpcf7-form-control wpcf7-submit has-spinner btn-color-black\" type=\"submit\" value=\"ENVIAR FORMULARIO\" \/>\n<\/p><div class=\"wpcf7-response-output\" aria-hidden=\"true\"><\/div>\n<\/form>\n<\/div>\n\t\t\t\t<\/div>\n\t\t\t\t<\/div>\n\t\t\t\t\t<\/div>\n\t\t<\/div>\n\t\t\t\t<div class=\"elementor-column elementor-col-50 elementor-top-column elementor-element elementor-element-1836331\" data-id=\"1836331\" data-element_type=\"column\">\n\t\t\t<div class=\"elementor-widget-wrap elementor-element-populated\">\n\t\t\t\t\t\t<div class=\"elementor-element elementor-element-1583976 elementor-widget elementor-widget-wd_title\" data-id=\"1583976\" data-element_type=\"widget\" data-widget_type=\"wd_title.default\">\n\t\t\t\t<div class=\"elementor-widget-container\">\n\t\t\t\t\t\t\t<div class=\"title-wrapper woodmart-title-color-default woodmart-title-style-bordered woodmart-title-size-default text-left\">\n\n\t\t\t\n\t\t\t<div class=\"liner-continer\">\n\t\t\t\t<span class=\"left-line\"><\/span>\n\n\t\t\t\t<h4 class=\"woodmart-title-container title\">\n\t\t\t\t\tRa\u00fal Guti\u00e9rrez Sebasti\u00e1n\t\t\t\t<\/h4>\n\n\t\t\t\t\n\t\t\t\t<span class=\"right-line\"><\/span>\n\t\t\t<\/div>\n\n\t\t\t\t\t<\/div>\n\t\t\t\t\t\t<\/div>\n\t\t\t\t<\/div>\n\t\t\t\t<div class=\"elementor-element elementor-element-4475289 elementor-widget elementor-widget-wd_infobox\" data-id=\"4475289\" data-element_type=\"widget\" data-widget_type=\"wd_infobox.default\">\n\t\t\t\t<div class=\"elementor-widget-container\">\n\t\t\t\t\t\t\t<div class=\"info-box-wrapper\">\n\t\t\t<div class=\"woodmart-info-box text-left box-icon-align-left box-style-base color-scheme- box-title-small\">\n\t\t\t\t\t\t\t\t\t<div class=\"box-icon-wrapper  box-with-icon box-icon-simple\">\n\t\t\t\t\t\t<div class=\"info-box-icon\">\n\t\t\t\t\t\t\t\t\t\t\t\t\t\t\t<span class=\"info-svg-wrapper info-icon\" style=\"width:40px; height:40px;\"><svg xmlns=\"http:\/\/www.w3.org\/2000\/svg\" xmlns:xlink=\"http:\/\/www.w3.org\/1999\/xlink\" version=\"1.1\" id=\"svg-1765\" x=\"0px\" y=\"0px\" width=\"512px\" height=\"512px\" viewBox=\"0 0 792 792\" style=\"enable-background:new 0 0 792 792;\" xml:space=\"preserve\">\n<g>\n\t<g id=\"_x39__14_\">\n\t\t<g>\n\t\t\t<path d=\"M581.625,0h-371.25c-54.673,0-99,44.327-99,99v594c0,54.673,44.327,99,99,99h371.25c54.673,0,99-44.327,99-99V99     C680.625,44.327,636.298,0,581.625,0z M631.125,693c0,27.349-22.151,49.5-49.5,49.5h-371.25c-27.349,0-49.5-22.151-49.5-49.5     v-74.25h470.25V693z M631.125,569.25h-470.25v-396h470.25V569.25z M631.125,123.75h-470.25V99c0-27.349,22.151-49.5,49.5-49.5     h371.25c27.349,0,49.5,22.176,49.5,49.5V123.75z M396,717.75c20.493,0,37.125-16.632,37.125-37.125S416.493,643.5,396,643.5     s-37.125,16.632-37.125,37.125S375.507,717.75,396,717.75z\" fill=\"#d1d1d1\"\/>\n\t\t<\/g>\n\t<\/g>\n<\/g>\n<g>\n<\/g>\n<g>\n<\/g>\n<g>\n<\/g>\n<g>\n<\/g>\n<g>\n<\/g>\n<g>\n<\/g>\n<g>\n<\/g>\n<g>\n<\/g>\n<g>\n<\/g>\n<g>\n<\/g>\n<g>\n<\/g>\n<g>\n<\/g>\n<g>\n<\/g>\n<g>\n<\/g>\n<g>\n<\/g>\n<\/svg>\n<\/span>\t\t\t\t\t\t\t\t\t\t\t\t\t<\/div>\n\t\t\t\t\t<\/div>\n\t\t\t\t\n\t\t\t\t<div class=\"info-box-content\">\n\t\t\t\t\t\n\t\t\t\t\t\n\t\t\t\t\t<div class=\"info-box-inner reset-mb-10\"\n\t\t\t\t\t\t data-elementor-setting-key=\"content\">\n\t\t\t\t\t\t<p><span style=\"color: #333333;\"><strong>Tel\u00e9fono:<\/strong><\/span><\/p>\n<p>+34 686130398<\/p>\n\t\t\t\t\t<\/div>\n\t\n\t\t\t\t\t\t\t\t\t<\/div>\n\t\t\t<\/div>\n\t\t<\/div>\n\t\t\t\t\t\t<\/div>\n\t\t\t\t<\/div>\n\t\t\t\t<div class=\"elementor-element elementor-element-9681426 elementor-widget elementor-widget-wd_infobox\" data-id=\"9681426\" data-element_type=\"widget\" data-widget_type=\"wd_infobox.default\">\n\t\t\t\t<div class=\"elementor-widget-container\">\n\t\t\t\t\t\t\t<div class=\"info-box-wrapper\">\n\t\t\t<div class=\"woodmart-info-box text-left box-icon-align-left box-style-base color-scheme- box-title-small\">\n\t\t\t\t\t\t\t\t\t<div class=\"box-icon-wrapper  box-with-icon box-icon-simple\">\n\t\t\t\t\t\t<div class=\"info-box-icon\">\n\t\t\t\t\t\t\t\t\t\t\t\t\t\t\t<span class=\"info-svg-wrapper info-icon\" style=\"width:40px; height:40px;\"><svg xmlns=\"http:\/\/www.w3.org\/2000\/svg\" xmlns:xlink=\"http:\/\/www.w3.org\/1999\/xlink\" version=\"1.1\" id=\"svg-6716\" x=\"0px\" y=\"0px\" width=\"512px\" height=\"512px\" viewBox=\"0 0 792 792\" style=\"enable-background:new 0 0 792 792;\" xml:space=\"preserve\">\n<g>\n\t<g id=\"_x39__14_\">\n\t\t<g>\n\t\t\t<path d=\"M581.625,0h-371.25c-54.673,0-99,44.327-99,99v594c0,54.673,44.327,99,99,99h371.25c54.673,0,99-44.327,99-99V99     C680.625,44.327,636.298,0,581.625,0z M631.125,693c0,27.349-22.151,49.5-49.5,49.5h-371.25c-27.349,0-49.5-22.151-49.5-49.5     v-74.25h470.25V693z M631.125,569.25h-470.25v-396h470.25V569.25z M631.125,123.75h-470.25V99c0-27.349,22.151-49.5,49.5-49.5     h371.25c27.349,0,49.5,22.176,49.5,49.5V123.75z M396,717.75c20.493,0,37.125-16.632,37.125-37.125S416.493,643.5,396,643.5     s-37.125,16.632-37.125,37.125S375.507,717.75,396,717.75z\" fill=\"#d1d1d1\"\/>\n\t\t<\/g>\n\t<\/g>\n<\/g>\n<g>\n<\/g>\n<g>\n<\/g>\n<g>\n<\/g>\n<g>\n<\/g>\n<g>\n<\/g>\n<g>\n<\/g>\n<g>\n<\/g>\n<g>\n<\/g>\n<g>\n<\/g>\n<g>\n<\/g>\n<g>\n<\/g>\n<g>\n<\/g>\n<g>\n<\/g>\n<g>\n<\/g>\n<g>\n<\/g>\n<\/svg>\n<\/span>\t\t\t\t\t\t\t\t\t\t\t\t\t<\/div>\n\t\t\t\t\t<\/div>\n\t\t\t\t\n\t\t\t\t<div class=\"info-box-content\">\n\t\t\t\t\t\n\t\t\t\t\t\n\t\t\t\t\t<div class=\"info-box-inner reset-mb-10\"\n\t\t\t\t\t\t data-elementor-setting-key=\"content\">\n\t\t\t\t\t\t<p><span style=\"color: #333333;\"><strong>Email:<\/strong><\/span><\/p>\n<p>psicologo@raulgutierrez.es<\/p>\n\t\t\t\t\t<\/div>\n\t\n\t\t\t\t\t\t\t\t\t<\/div>\n\t\t\t<\/div>\n\t\t<\/div>\n\t\t\t\t\t\t<\/div>\n\t\t\t\t<\/div>\n\t\t\t\t<div class=\"elementor-element elementor-element-5801440 elementor-widget elementor-widget-wd_infobox\" data-id=\"5801440\" data-element_type=\"widget\" data-widget_type=\"wd_infobox.default\">\n\t\t\t\t<div class=\"elementor-widget-container\">\n\t\t\t\t\t\t\t<div class=\"info-box-wrapper\">\n\t\t\t<div class=\"woodmart-info-box text-left box-icon-align-left box-style-base color-scheme- box-title-small\">\n\t\t\t\t\t\t\t\t\t<div class=\"box-icon-wrapper  box-with-icon box-icon-simple\">\n\t\t\t\t\t\t<div class=\"info-box-icon\">\n\t\t\t\t\t\t\t\t\t\t\t\t\t\t\t<span class=\"info-svg-wrapper info-icon\" style=\"width:40px; height:40px;\"><svg xmlns=\"http:\/\/www.w3.org\/2000\/svg\" xmlns:xlink=\"http:\/\/www.w3.org\/1999\/xlink\" version=\"1.1\" id=\"svg-1301\" x=\"0px\" y=\"0px\" width=\"512px\" height=\"512px\" viewBox=\"0 0 792 792\" style=\"enable-background:new 0 0 792 792;\" xml:space=\"preserve\">\n<g>\n\t<g id=\"_x39__14_\">\n\t\t<g>\n\t\t\t<path d=\"M581.625,0h-371.25c-54.673,0-99,44.327-99,99v594c0,54.673,44.327,99,99,99h371.25c54.673,0,99-44.327,99-99V99     C680.625,44.327,636.298,0,581.625,0z M631.125,693c0,27.349-22.151,49.5-49.5,49.5h-371.25c-27.349,0-49.5-22.151-49.5-49.5     v-74.25h470.25V693z M631.125,569.25h-470.25v-396h470.25V569.25z M631.125,123.75h-470.25V99c0-27.349,22.151-49.5,49.5-49.5     h371.25c27.349,0,49.5,22.176,49.5,49.5V123.75z M396,717.75c20.493,0,37.125-16.632,37.125-37.125S416.493,643.5,396,643.5     s-37.125,16.632-37.125,37.125S375.507,717.75,396,717.75z\" fill=\"#d1d1d1\"\/>\n\t\t<\/g>\n\t<\/g>\n<\/g>\n<g>\n<\/g>\n<g>\n<\/g>\n<g>\n<\/g>\n<g>\n<\/g>\n<g>\n<\/g>\n<g>\n<\/g>\n<g>\n<\/g>\n<g>\n<\/g>\n<g>\n<\/g>\n<g>\n<\/g>\n<g>\n<\/g>\n<g>\n<\/g>\n<g>\n<\/g>\n<g>\n<\/g>\n<g>\n<\/g>\n<\/svg>\n<\/span>\t\t\t\t\t\t\t\t\t\t\t\t\t<\/div>\n\t\t\t\t\t<\/div>\n\t\t\t\t\n\t\t\t\t<div class=\"info-box-content\">\n\t\t\t\t\t\n\t\t\t\t\t\n\t\t\t\t\t<div class=\"info-box-inner reset-mb-10\"\n\t\t\t\t\t\t data-elementor-setting-key=\"content\">\n\t\t\t\t\t\t<p><span style=\"color: #333333;\"><strong>Direcci\u00f3n:<\/strong><\/span><\/p>\n<p>Paseo Mar\u00eda Agust\u00edn 5, 1\u00aa planta, oficina 4. 50004, Zaragoza<\/p>\n\t\t\t\t\t<\/div>\n\t\n\t\t\t\t\t\t\t\t\t<\/div>\n\t\t\t<\/div>\n\t\t<\/div>\n\t\t\t\t\t\t<\/div>\n\t\t\t\t<\/div>\n\t\t\t\t<div class=\"elementor-element elementor-element-475763 color-scheme-inherit text-left elementor-widget elementor-widget-text-editor\" data-id=\"475763\" data-element_type=\"widget\" data-widget_type=\"text-editor.default\">\n\t\t\t\t<div class=\"elementor-widget-container\">\n\t\t\t\t\t\t\t\t\t<p><span style=\"color: #333333;\"><strong>\u00bfTienes alguna duda?<br \/><a href=\"#\"><span class=\"color-primary\">Cont\u00e1ctame y la resolveremos juntos<\/span><\/a><\/strong><\/span><\/p>\t\t\t\t\t\t\t\t<\/div>\n\t\t\t\t<\/div>\n\t\t\t\t<div class=\"elementor-element elementor-element-9a586c6 elementor-widget elementor-widget-html\" data-id=\"9a586c6\" data-element_type=\"widget\" data-widget_type=\"html.default\">\n\t\t\t\t<div class=\"elementor-widget-container\">\n\t\t\t\t\t<!-- Google Calendar Appointment Scheduling begin -->\n<link href=\"https:\/\/calendar.google.com\/calendar\/scheduling-button-script.css\" rel=\"stylesheet\">\n<script src=\"https:\/\/calendar.google.com\/calendar\/scheduling-button-script.js\" async><\/script>\n<script>\n(function() {\nvar target = document.currentScript;\nwindow.addEventListener('load', function() {\ncalendar.schedulingButton.load({\nurl: 'https:\/\/calendar.google.com\/calendar\/appointments\/schedules\/AcZssZ1vzAsKY0CTrw5ZdUOQv-I7i5GcSbM8wbOIdHdtdU2C7MAYo_A2JmqhpBX9V6468xcOsHnxGF26?gv=true',\ncolor: '#009688',\nlabel: 'Reservar una cita',\ntarget,\n});\n});\n})();\n<\/script>\n<!-- end Google Calendar Appointment Scheduling -->\t\t\t\t<\/div>\n\t\t\t\t<\/div>\n\t\t\t\t\t<\/div>\n\t\t<\/div>\n\t\t\t\t\t<\/div>\n\t\t<\/section>\n\t\t\t\t<\/div>\n\t\t","protected":false},"excerpt":{"rendered":"<p>Contacto Nombre Email Asunto Tel\u00e9fono Empresa Mensaje acepto la pol\u00edtica de privacidad y el uso de mis datos personales, as\u00ed<\/p>\n","protected":false},"author":1,"featured_media":0,"parent":0,"menu_order":0,"comment_status":"closed","ping_status":"closed","template":"","meta":{"om_disable_all_campaigns":false,"_monsterinsights_skip_tracking":false,"_monsterinsights_sitenote_active":false,"_monsterinsights_sitenote_note":"","_monsterinsights_sitenote_category":0,"footnotes":""},"class_list":["post-651","page","type-page","status-publish","hentry"],"_links":{"self":[{"href":"https:\/\/raulgutierrez.es\/index.php\/wp-json\/wp\/v2\/pages\/651","targetHints":{"allow":["GET"]}}],"collection":[{"href":"https:\/\/raulgutierrez.es\/index.php\/wp-json\/wp\/v2\/pages"}],"about":[{"href":"https:\/\/raulgutierrez.es\/index.php\/wp-json\/wp\/v2\/types\/page"}],"author":[{"embeddable":true,"href":"https:\/\/raulgutierrez.es\/index.php\/wp-json\/wp\/v2\/users\/1"}],"replies":[{"embeddable":true,"href":"https:\/\/raulgutierrez.es\/index.php\/wp-json\/wp\/v2\/comments?post=651"}],"version-history":[{"count":20,"href":"https:\/\/raulgutierrez.es\/index.php\/wp-json\/wp\/v2\/pages\/651\/revisions"}],"predecessor-version":[{"id":2468,"href":"https:\/\/raulgutierrez.es\/index.php\/wp-json\/wp\/v2\/pages\/651\/revisions\/2468"}],"wp:attachment":[{"href":"https:\/\/raulgutierrez.es\/index.php\/wp-json\/wp\/v2\/media?parent=651"}],"curies":[{"name":"wp","href":"https:\/\/api.w.org\/{rel}","templated":true}]}}