{"id":1909,"date":"2021-01-04T10:59:39","date_gmt":"2021-01-04T10:59:39","guid":{"rendered":"https:\/\/comunica-t.net\/raulgutierrez\/?page_id=1909"},"modified":"2021-01-19T13:34:54","modified_gmt":"2021-01-19T13:34:54","slug":"investigacion","status":"publish","type":"page","link":"https:\/\/raulgutierrez.es\/index.php\/investigacion\/","title":{"rendered":"Investigaci\u00f3n"},"content":{"rendered":"\t\t<div data-elementor-type=\"wp-page\" data-elementor-id=\"1909\" class=\"elementor elementor-1909\">\n\t\t\t\t\t\t<section class=\"elementor-section elementor-top-section elementor-element elementor-element-b36a76e elementor-section-boxed elementor-section-height-default elementor-section-height-default wd-section-disabled\" data-id=\"b36a76e\" data-element_type=\"section\">\n\t\t\t\t\t\t<div class=\"elementor-container elementor-column-gap-default\">\n\t\t\t\t\t<div class=\"elementor-column elementor-col-33 elementor-top-column elementor-element elementor-element-01b4147\" data-id=\"01b4147\" data-element_type=\"column\">\n\t\t\t<div class=\"elementor-widget-wrap elementor-element-populated\">\n\t\t\t\t\t\t<div class=\"elementor-element elementor-element-bf1eb7d elementor-widget elementor-widget-image\" data-id=\"bf1eb7d\" data-element_type=\"widget\" data-widget_type=\"image.default\">\n\t\t\t\t<div class=\"elementor-widget-container\">\n\t\t\t\t\t\t\t\t\t\t\t\t\t\t\t<img fetchpriority=\"high\" decoding=\"async\" width=\"556\" height=\"1024\" src=\"https:\/\/raulgutierrez.es\/wp-content\/uploads\/2021\/01\/lupa-556x1024.jpg\" class=\"attachment-large size-large wp-image-1912\" alt=\"\" srcset=\"https:\/\/raulgutierrez.es\/wp-content\/uploads\/2021\/01\/lupa-556x1024.jpg 556w, https:\/\/raulgutierrez.es\/wp-content\/uploads\/2021\/01\/lupa-163x300.jpg 163w, https:\/\/raulgutierrez.es\/wp-content\/uploads\/2021\/01\/lupa-768x1415.jpg 768w, https:\/\/raulgutierrez.es\/wp-content\/uploads\/2021\/01\/lupa-834x1536.jpg 834w, https:\/\/raulgutierrez.es\/wp-content\/uploads\/2021\/01\/lupa.jpg 1000w\" sizes=\"(max-width: 556px) 100vw, 556px\" \/>\t\t\t\t\t\t\t\t\t\t\t\t\t\t\t<\/div>\n\t\t\t\t<\/div>\n\t\t\t\t\t<\/div>\n\t\t<\/div>\n\t\t\t\t<div class=\"elementor-column elementor-col-66 elementor-top-column elementor-element elementor-element-8a49741\" data-id=\"8a49741\" data-element_type=\"column\">\n\t\t\t<div class=\"elementor-widget-wrap elementor-element-populated\">\n\t\t\t\t\t\t<div class=\"elementor-element elementor-element-913f5de color-scheme-inherit text-left elementor-widget elementor-widget-text-editor\" data-id=\"913f5de\" data-element_type=\"widget\" data-widget_type=\"text-editor.default\">\n\t\t\t\t<div class=\"elementor-widget-container\">\n\t\t\t\t\t\t\t\t\t<p>Adem\u00e1s de la psicoterapia, la supervisi\u00f3n y la docencia, otro campo que me apasiona es precisamente el \u00e1mbito de la investigaci\u00f3n. Considero que, cada vez m\u00e1s, hemos de desarrollar modelos de intervenci\u00f3n basados en la evidencia y aprender de la experiencia acumulada a trav\u00e9s del estudio de esta. Es por ello por lo que considero que cobra tanta importancia la investigaci\u00f3n.<\/p><p>Formado en investigaci\u00f3n en psicolog\u00eda, elaboro y participo en programas de investigaci\u00f3n y desarrollo en psicolog\u00eda social y organizacional.<\/p>\t\t\t\t\t\t\t\t<\/div>\n\t\t\t\t<\/div>\n\t\t\t\t<div class=\"elementor-element elementor-element-c107fb1 elementor-widget elementor-widget-wd_button\" data-id=\"c107fb1\" data-element_type=\"widget\" data-widget_type=\"wd_button.default\">\n\t\t\t\t<div class=\"elementor-widget-container\">\n\t\t\t\t\t\t\t<div class=\"woodmart-button-wrapper text-center\" >\n\t\t\t<a class=\"btn btn-style-bordered btn-shape-rectangle btn-size-default btn-color-primary btn-icon-pos-right\"  href=\"https:\/\/raulgutierrez.es\/index.php\/contacto\/\">\n\t\t\t\t<span class=\"wd-btn-text\" data-elementor-setting-key=\"text\">\n\t\t\t\t\tPuede consultarme directamente, ser\u00e1 un placer atenderle y pensar juntos en las posibilidades de colaboraci\u00f3n\t\t\t\t<\/span>\n\n\t\t\t\t\t\t\t<\/a>\n\t\t<\/div>\n\t\t\t\t\t\t<\/div>\n\t\t\t\t<\/div>\n\t\t\t\t\t<\/div>\n\t\t<\/div>\n\t\t\t\t\t<\/div>\n\t\t<\/section>\n\t\t\t\t<\/div>\n\t\t","protected":false},"excerpt":{"rendered":"<p>Adem\u00e1s de la psicoterapia, la supervisi\u00f3n y la docencia, otro campo que me apasiona es precisamente el \u00e1mbito de la<\/p>\n","protected":false},"author":1,"featured_media":0,"parent":0,"menu_order":0,"comment_status":"closed","ping_status":"closed","template":"","meta":{"om_disable_all_campaigns":false,"_monsterinsights_skip_tracking":false,"_monsterinsights_sitenote_active":false,"_monsterinsights_sitenote_note":"","_monsterinsights_sitenote_category":0,"footnotes":""},"class_list":["post-1909","page","type-page","status-publish","hentry"],"_links":{"self":[{"href":"https:\/\/raulgutierrez.es\/index.php\/wp-json\/wp\/v2\/pages\/1909","targetHints":{"allow":["GET"]}}],"collection":[{"href":"https:\/\/raulgutierrez.es\/index.php\/wp-json\/wp\/v2\/pages"}],"about":[{"href":"https:\/\/raulgutierrez.es\/index.php\/wp-json\/wp\/v2\/types\/page"}],"author":[{"embeddable":true,"href":"https:\/\/raulgutierrez.es\/index.php\/wp-json\/wp\/v2\/users\/1"}],"replies":[{"embeddable":true,"href":"https:\/\/raulgutierrez.es\/index.php\/wp-json\/wp\/v2\/comments?post=1909"}],"version-history":[{"count":10,"href":"https:\/\/raulgutierrez.es\/index.php\/wp-json\/wp\/v2\/pages\/1909\/revisions"}],"predecessor-version":[{"id":2271,"href":"https:\/\/raulgutierrez.es\/index.php\/wp-json\/wp\/v2\/pages\/1909\/revisions\/2271"}],"wp:attachment":[{"href":"https:\/\/raulgutierrez.es\/index.php\/wp-json\/wp\/v2\/media?parent=1909"}],"curies":[{"name":"wp","href":"https:\/\/api.w.org\/{rel}","templated":true}]}}